{"id":1022,"date":"2025-04-16T13:12:22","date_gmt":"2025-04-16T11:12:22","guid":{"rendered":"https:\/\/hub.akkusys.de\/?page_id=1022"},"modified":"2025-04-17T06:28:15","modified_gmt":"2025-04-17T04:28:15","slug":"fete-du-stand-midea","status":"publish","type":"page","link":"https:\/\/hub.akkusys.de\/fr\/fete-du-stand-midea\/","title":{"rendered":"F\u00eate sur le stand Midea"},"content":{"rendered":"<div data-elementor-type=\"wp-page\" data-elementor-id=\"1022\" class=\"elementor elementor-1022\" data-elementor-post-type=\"page\">\n\t\t\t\t<div data-particle_enable=\"false\" data-particle-mobile-disabled=\"false\" class=\"elementor-element elementor-element-6373e2b e-flex e-con-boxed e-con e-parent\" data-id=\"6373e2b\" data-element_type=\"container\">\n\t\t\t\t\t<div class=\"e-con-inner\">\n\t\t<div data-particle_enable=\"false\" data-particle-mobile-disabled=\"false\" class=\"elementor-element elementor-element-6cc8425 e-con-full e-flex e-con e-child\" data-id=\"6cc8425\" data-element_type=\"container\">\n\t\t<div data-particle_enable=\"false\" data-particle-mobile-disabled=\"false\" class=\"elementor-element elementor-element-31bac3d e-con-full e-flex e-con e-child\" data-id=\"31bac3d\" data-element_type=\"container\">\n\t\t\t\t<div class=\"elementor-element elementor-element-1039375 elementor-widget elementor-widget-image\" data-id=\"1039375\" data-element_type=\"widget\" data-widget_type=\"image.default\">\n\t\t\t\t<div class=\"elementor-widget-container\">\n\t\t\t\t\t\t\t\t\t\t\t\t\t\t\t<img decoding=\"async\" width=\"222\" height=\"46\" src=\"https:\/\/hub.akkusys.de\/wp-content\/uploads\/2025\/01\/akkusys-de-logo-neu.png\" class=\"attachment-full size-full wp-image-731\" alt=\"Logo AKKU SYS\" \/>\t\t\t\t\t\t\t\t\t\t\t\t\t\t\t<\/div>\n\t\t\t\t<\/div>\n\t\t\t\t<div class=\"elementor-element elementor-element-56f09c8 elementor-widget elementor-widget-image\" data-id=\"56f09c8\" data-element_type=\"widget\" data-widget_type=\"image.default\">\n\t\t\t\t<div class=\"elementor-widget-container\">\n\t\t\t\t\t\t\t\t\t\t\t\t\t\t\t<img fetchpriority=\"high\" decoding=\"async\" width=\"378\" height=\"136\" src=\"https:\/\/hub.akkusys.de\/wp-content\/uploads\/2025\/04\/Midea-logo-4c.png\" class=\"attachment-large size-large wp-image-1036\" alt=\"\" srcset=\"https:\/\/hub.akkusys.de\/wp-content\/uploads\/2025\/04\/Midea-logo-4c.png 378w, https:\/\/hub.akkusys.de\/wp-content\/uploads\/2025\/04\/Midea-logo-4c-300x108.png 300w, https:\/\/hub.akkusys.de\/wp-content\/uploads\/2025\/04\/Midea-logo-4c-18x6.png 18w\" sizes=\"(max-width: 378px) 100vw, 378px\" \/>\t\t\t\t\t\t\t\t\t\t\t\t\t\t\t<\/div>\n\t\t\t\t<\/div>\n\t\t\t\t<\/div>\n\t\t\t\t<div class=\"elementor-element elementor-element-fde09ec elementor-widget elementor-widget-heading\" data-id=\"fde09ec\" data-element_type=\"widget\" data-widget_type=\"heading.default\">\n\t\t\t\t<div class=\"elementor-widget-container\">\n\t\t\t\t\t<h1 class=\"elementor-heading-title elementor-size-default\">Limit\u00e9e &amp; l\u00e9gendaire : <\/h1>\t\t\t\t<\/div>\n\t\t\t\t<\/div>\n\t\t\t\t<div class=\"elementor-element elementor-element-d1b40d6 elementor-widget elementor-widget-heading\" data-id=\"d1b40d6\" data-element_type=\"widget\" data-widget_type=\"heading.default\">\n\t\t\t\t<div class=\"elementor-widget-container\">\n\t\t\t\t\t<h2 class=\"elementor-heading-title elementor-size-default\">La AKKU SYS Aftershow Party @ EES \/ Intersolar<\/h2>\t\t\t\t<\/div>\n\t\t\t\t<\/div>\n\t\t\t\t<\/div>\n\t\t<div data-particle_enable=\"false\" data-particle-mobile-disabled=\"false\" class=\"elementor-element elementor-element-3071b98 e-con-full e-flex e-con e-child\" data-id=\"3071b98\" data-element_type=\"container\">\n\t\t<div data-particle_enable=\"false\" data-particle-mobile-disabled=\"false\" class=\"elementor-element elementor-element-74c0516 e-con-full e-flex e-con e-child\" data-id=\"74c0516\" data-element_type=\"container\">\n\t\t\t\t<div class=\"elementor-element elementor-element-9bf51c6 elementor-widget elementor-widget-text-editor\" data-id=\"9bf51c6\" data-element_type=\"widget\" data-widget_type=\"text-editor.default\">\n\t\t\t\t<div class=\"elementor-widget-container\">\n\t\t\t\t\t\t\t\t\t<p data-prosemirror-content-type=\"node\" data-prosemirror-node-name=\"paragraph\" data-prosemirror-node-block=\"true\" data-pm-slice=\"1 1 []\"><span class=\"fabric-text-color-mark\" data-text-custom-color=\"#4c9aff\" data-prosemirror-content-type=\"mark\" data-prosemirror-mark-name=\"textColor\">Sur le site <\/span><strong data-prosemirror-content-type=\"mark\" data-prosemirror-mark-name=\"strong\"><span class=\"fabric-text-color-mark\" data-text-custom-color=\"#4c9aff\" data-prosemirror-content-type=\"mark\" data-prosemirror-mark-name=\"textColor\">08 mai 2025<\/span><\/strong><span class=\"fabric-text-color-mark\" data-text-custom-color=\"#4c9aff\" data-prosemirror-content-type=\"mark\" data-prosemirror-mark-name=\"textColor\"> nous avons le plaisir de vous inviter \u00e0 une soir\u00e9e exclusive <\/span><strong data-prosemirror-content-type=\"mark\" data-prosemirror-mark-name=\"strong\"><span class=\"fabric-text-color-mark\" data-text-custom-color=\"#4c9aff\" data-prosemirror-content-type=\"mark\" data-prosemirror-mark-name=\"textColor\">Aftershow Party au stand Midea<\/span><\/strong><span class=\"fabric-text-color-mark\" data-text-custom-color=\"#4c9aff\" data-prosemirror-content-type=\"mark\" data-prosemirror-mark-name=\"textColor\"> \u00e0 l'EES \/ Intersolar \u00e0 Munich !<\/span><br data-prosemirror-content-type=\"node\" data-prosemirror-node-name=\"hardBreak\" data-prosemirror-node-inline=\"true\" \/><span class=\"fabric-text-color-mark\" data-text-custom-color=\"#4c9aff\" data-prosemirror-content-type=\"mark\" data-prosemirror-mark-name=\"textColor\">Profitez de discussions passionnantes, de boissons fra\u00eeches et de d\u00e9licieux snacks ainsi que de la fin parfaite d'une journ\u00e9e de salon r\u00e9ussie - ensemble avec l'\u00e9quipe de AKKU SYS et Midea.<\/span><\/p><p data-prosemirror-content-type=\"node\" data-prosemirror-node-name=\"paragraph\" data-prosemirror-node-block=\"true\"><span class=\"fabric-text-color-mark\" data-text-custom-color=\"#4c9aff\" data-prosemirror-content-type=\"mark\" data-prosemirror-mark-name=\"textColor\">\ud83d\udd55 <\/span><strong data-prosemirror-content-type=\"mark\" data-prosemirror-mark-name=\"strong\"><span class=\"fabric-text-color-mark\" data-text-custom-color=\"#4c9aff\" data-prosemirror-content-type=\"mark\" data-prosemirror-mark-name=\"textColor\">Quand ?<\/span><\/strong><br data-prosemirror-content-type=\"node\" data-prosemirror-node-name=\"hardBreak\" data-prosemirror-node-inline=\"true\" \/><strong data-prosemirror-content-type=\"mark\" data-prosemirror-mark-name=\"strong\"><span class=\"fabric-text-color-mark\" data-text-custom-color=\"#4c9aff\" data-prosemirror-content-type=\"mark\" data-prosemirror-mark-name=\"textColor\">jeudi 08 mai 2025 | 18h00-21h30<\/span><\/strong><\/p><p data-prosemirror-content-type=\"node\" data-prosemirror-node-name=\"paragraph\" data-prosemirror-node-block=\"true\"><span class=\"fabric-text-color-mark\" data-text-custom-color=\"#4c9aff\" data-prosemirror-content-type=\"mark\" data-prosemirror-mark-name=\"textColor\">\ud83d\udccd <\/span><strong data-prosemirror-content-type=\"mark\" data-prosemirror-mark-name=\"strong\"><span class=\"fabric-text-color-mark\" data-text-custom-color=\"#4c9aff\" data-prosemirror-content-type=\"mark\" data-prosemirror-mark-name=\"textColor\">O\u00f9 ?<\/span><\/strong><br data-prosemirror-content-type=\"node\" data-prosemirror-node-name=\"hardBreak\" data-prosemirror-node-inline=\"true\" \/><strong data-prosemirror-content-type=\"mark\" data-prosemirror-mark-name=\"strong\"><span class=\"fabric-text-color-mark\" data-text-custom-color=\"#4c9aff\" data-prosemirror-content-type=\"mark\" data-prosemirror-mark-name=\"textColor\">Stand Midea - Hall C4, Stand 170<\/span><\/strong><br data-prosemirror-content-type=\"node\" data-prosemirror-node-name=\"hardBreak\" data-prosemirror-node-inline=\"true\" \/><strong data-prosemirror-content-type=\"mark\" data-prosemirror-mark-name=\"strong\"><span class=\"fabric-text-color-mark\" data-text-custom-color=\"#4c9aff\" data-prosemirror-content-type=\"mark\" data-prosemirror-mark-name=\"textColor\">Intersolar Europe | Foire de Munich<\/span><\/strong><span class=\"fabric-text-color-mark\" data-text-custom-color=\"#4c9aff\" data-prosemirror-content-type=\"mark\" data-prosemirror-mark-name=\"textColor\">, Parc des expositions, 81823 Munich<\/span><\/p><p data-prosemirror-content-type=\"node\" data-prosemirror-node-name=\"paragraph\" data-prosemirror-node-block=\"true\"><span class=\"fabric-text-color-mark\" data-text-custom-color=\"#4c9aff\" data-prosemirror-content-type=\"mark\" data-prosemirror-mark-name=\"textColor\">Attention ! <\/span><strong data-prosemirror-content-type=\"mark\" data-prosemirror-mark-name=\"strong\"><span class=\"fabric-text-color-mark\" data-text-custom-color=\"#4c9aff\" data-prosemirror-content-type=\"mark\" data-prosemirror-mark-name=\"textColor\">Les places sont limit\u00e9es.\u00a0<\/span><\/strong><\/p><p data-prosemirror-content-type=\"node\" data-prosemirror-node-name=\"paragraph\" data-prosemirror-node-block=\"true\"><strong data-prosemirror-content-type=\"mark\" data-prosemirror-mark-name=\"strong\"><span class=\"fabric-text-color-mark\" data-text-custom-color=\"#4c9aff\" data-prosemirror-content-type=\"mark\" data-prosemirror-mark-name=\"textColor\">Inscrivez-vous maintenant - et recevez rapidement une confirmation ! <\/span><\/strong><\/p><p data-prosemirror-content-type=\"node\" data-prosemirror-node-name=\"paragraph\" data-prosemirror-node-block=\"true\"><strong data-prosemirror-content-type=\"mark\" data-prosemirror-mark-name=\"strong\"><span class=\"fabric-text-color-mark\" data-text-custom-color=\"#4c9aff\" data-prosemirror-content-type=\"mark\" data-prosemirror-mark-name=\"textColor\">Veuillez indiquer ici vos donn\u00e9es personnelles pour l'inscription \u00e0 la f\u00eate :<\/span><\/strong><\/p>\t\t\t\t\t\t\t\t<\/div>\n\t\t\t\t<\/div>\n\t\t\t\t<\/div>\n\t\t<div data-particle_enable=\"false\" data-particle-mobile-disabled=\"false\" class=\"elementor-element elementor-element-da666a6 e-con-full e-flex e-con e-child\" data-id=\"da666a6\" data-element_type=\"container\">\n\t\t\t\t<\/div>\n\t\t\t\t<\/div>\n\t\t\t\t\t<\/div>\n\t\t\t\t<\/div>\n\t\t<div data-particle_enable=\"false\" data-particle-mobile-disabled=\"false\" class=\"elementor-element elementor-element-457d097 e-flex e-con-boxed e-con e-parent\" data-id=\"457d097\" data-element_type=\"container\" data-settings=\"{&quot;background_background&quot;:&quot;classic&quot;,&quot;shape_divider_top&quot;:&quot;pyramids&quot;}\">\n\t\t\t\t\t<div class=\"e-con-inner\">\n\t\t\t\t<div class=\"elementor-shape elementor-shape-top\" aria-hidden=\"true\" data-negative=\"false\">\n\t\t\t<svg xmlns=\"http:\/\/www.w3.org\/2000\/svg\" viewbox=\"0 0 1000 100\" preserveaspectratio=\"none\">\n\t<path class=\"elementor-shape-fill\" d=\"M761.9,44.1L643.1,27.2L333.8,98L0,3.8V0l1000,0v3.9\"\/>\n<\/svg>\t\t<\/div>\n\t\t\t\t<div class=\"kwk-form elementor-element elementor-element-f60864c kwk-form elementor-widget elementor-widget-wpforms\" data-id=\"f60864c\" data-element_type=\"widget\" data-widget_type=\"wpforms.default\">\n\t\t\t\t<div class=\"elementor-widget-container\">\n\t\t\t\t\t<style id=\"wpforms-css-vars-elementor-widget-f60864c\">\n\t\t\t\t.elementor-widget-wpforms.elementor-element-f60864c {\n\t\t\t\t--wpforms-field-border-radius: 4px;\n--wpforms-label-error-color: #7F0102;\n--wpforms-button-background-color: #7F0102;\n\t\t\t}\n\t\t\t<\/style><div class=\"wpforms-container wpforms-container-full wpforms-container-save-resume wpforms-render-modern\" id=\"wpforms-1024\"><form id=\"wpforms-form-1024\" class=\"wpforms-validate wpforms-form wpforms-ajax-form\" data-formid=\"1024\" method=\"post\" enctype=\"multipart\/form-data\" action=\"\/fr\/wp-json\/wp\/v2\/pages\/1022\" data-token=\"1569ecd72a52c5bbb1a617bd5b3e8eae\" data-token-time=\"1777546253\" data-trp-original-action=\"\/fr\/wp-json\/wp\/v2\/pages\/1022\"><noscript class=\"wpforms-error-noscript\">Veuillez activer JavaScript dans votre navigateur pour remplir ce formulaire.<\/noscript><div id=\"wpforms-error-noscript\" style=\"display: none;\">Veuillez activer JavaScript dans votre navigateur pour remplir ce formulaire.<\/div><div class=\"wpforms-field-container\"><div id=\"wpforms-1024-field_2-container\" class=\"wpforms-field wpforms-field-text\" data-field-id=\"2\"><label class=\"wpforms-field-label\" for=\"wpforms-1024-field_2\">Soci\u00e9t\u00e9 <span class=\"wpforms-required-label\" aria-hidden=\"true\">*<\/span><\/label><input type=\"text\" id=\"wpforms-1024-field_2\" class=\"wpforms-field-medium wpforms-field-required\" name=\"wpforms[fields][2]\" placeholder=\"Muster GmbH\" aria-errormessage=\"wpforms-1024-field_2-error\" required><\/div>\t\t<div id=\"wpforms-1024-field_1-container\"\n\t\t\tclass=\"wpforms-field wpforms-field-text\"\n\t\t\tdata-field-type=\"text\"\n\t\t\tdata-field-id=\"1\"\n\t\t\t>\n\t\t\t<label class=\"wpforms-field-label\" for=\"wpforms-1024-field_1\" >Nom de famille Adresse e-mail Participation \u00e0 la f\u00eate<\/label>\n\t\t\t<input type=\"text\" id=\"wpforms-1024-field_1\" class=\"wpforms-field-medium\" name=\"wpforms[fields][1]\" >\n\t\t<\/div>\n\t\t<div id=\"wpforms-1024-field_3-container\" class=\"wpforms-field wpforms-field-name\" data-field-id=\"3\"><label class=\"wpforms-field-label\" for=\"wpforms-1024-field_3\">Pr\u00e9nom et nom de famille <span class=\"wpforms-required-label\" aria-hidden=\"true\">*<\/span><\/label><input type=\"text\" id=\"wpforms-1024-field_3\" class=\"wpforms-field-medium wpforms-field-required\" name=\"wpforms[fields][3]\" placeholder=\"\u00c9chantillon Invit\u00e9\" aria-errormessage=\"wpforms-1024-field_3-error\" required><\/div><div id=\"wpforms-1024-field_6-container\" class=\"wpforms-field wpforms-field-email\" data-field-id=\"6\"><label class=\"wpforms-field-label\" for=\"wpforms-1024-field_6\">Adresse \u00e9lectronique <span class=\"wpforms-required-label\" aria-hidden=\"true\">*<\/span><\/label><input type=\"email\" id=\"wpforms-1024-field_6\" class=\"wpforms-field-medium wpforms-field-required\" name=\"wpforms[fields][6]\" placeholder=\"gast@muster.de\" spellcheck=\"false\" aria-errormessage=\"wpforms-1024-field_6-error\" required><\/div><div id=\"wpforms-1024-field_16-container\" class=\"wpforms-field wpforms-field-gdpr-checkbox\" data-field-id=\"16\"><label class=\"wpforms-field-label\">Participation \u00e0 la f\u00eate <span class=\"wpforms-required-label\" aria-hidden=\"true\">*<\/span><\/label><ul id=\"wpforms-1024-field_16\" class=\"wpforms-field-required\"><li class=\"choice-1\"><input type=\"checkbox\" id=\"wpforms-1024-field_16_1\" name=\"wpforms[fields][16][]\" value=\"Ja, ich m\u00f6chte an der Party teilnehmen!\" aria-errormessage=\"wpforms-1024-field_16_1-error\" required><label class=\"wpforms-field-label-inline\" for=\"wpforms-1024-field_16_1\">Oui, je souhaite participer \u00e0 la f\u00eate !<\/label><\/li><\/ul><\/div><div id=\"wpforms-1024-field_15-container\" class=\"wpforms-field wpforms-field-gdpr-checkbox\" data-field-id=\"15\"><label class=\"wpforms-field-label\">Accord RGPD <span class=\"wpforms-required-label\" aria-hidden=\"true\">*<\/span><\/label><ul id=\"wpforms-1024-field_15\" class=\"wpforms-field-required\"><li class=\"choice-1\"><input type=\"checkbox\" id=\"wpforms-1024-field_15_1\" name=\"wpforms[fields][15][]\" value=\"Ja, ich bin mit der &lt;a href=&quot;https:\/\/akkusys.de\/datenschutz\/&quot; target=&quot;_blank&quot; rel=&quot;noopener&quot;&gt;Datenschutzerkl\u00e4rung&lt;\/a&gt; und dem &lt;a href=&quot;https:\/\/www.akkusys.de\/impressum&quot; target=&quot;_blank&quot; rel=&quot;noopener&quot;&gt;Impressum&lt;\/a&gt; einverstanden.\" aria-errormessage=\"wpforms-1024-field_15_1-error\" aria-describedby=\"wpforms-1024-field_15-description\" required><label class=\"wpforms-field-label-inline\" for=\"wpforms-1024-field_15_1\">Oui, je suis d'accord avec la <a href=\"https:\/\/akkusys.de\/datenschutz\/\" target=\"_blank\" rel=\"noopener\">D\u00e9claration de confidentialit\u00e9<\/a> et le <a href=\"https:\/\/www.akkusys.de\/impressum\" target=\"_blank\" rel=\"noopener\">Mentions l\u00e9gales<\/a> d'accord.<\/label><\/li><\/ul><div id=\"wpforms-1024-field_15-description\" class=\"wpforms-field-description\">Le consentement au traitement des donn\u00e9es conform\u00e9ment au RGPD est obligatoire pour le traitement de la participation. Sans votre consentement, nous ne pouvons malheureusement pas traiter votre demande.<\/div><\/div><script>\n\t\t\t\t( function() {\n\t\t\t\t\tconst style = document.createElement( 'style' );\n\t\t\t\t\tstyle.appendChild( document.createTextNode( '#wpforms-1024-field_1-container { position: absolute !important; overflow: hidden !important; display: inline !important; height: 1px !important; width: 1px !important; z-index: -1000 !important; padding: 0 !important; } #wpforms-1024-field_1-container input { visibility: hidden; } #wpforms-conversational-form-page #wpforms-1024-field_1-container label { counter-increment: none; }' ) );\n\t\t\t\t\tdocument.head.appendChild( style );\n\t\t\t\t\tdocument.currentScript?.remove();\n\t\t\t\t} )();\n\t\t\t<\/script><\/div><!-- .wpforms-field-container --><div class=\"wpforms-submit-container\" ><input type=\"hidden\" name=\"wpforms[id]\" value=\"1024\"><input type=\"hidden\" name=\"page_title\" value=\"\"><input type=\"hidden\" name=\"page_url\" value=\"https:\/\/hub.akkusys.de\/fr\/wp-json\/wp\/v2\/pages\/1022\"><input type=\"hidden\" name=\"url_referer\" value=\"\"><button type=\"submit\" name=\"wpforms[submit]\" id=\"wpforms-submit-1024\" class=\"wpforms-submit\" data-alt-text=\"Wird gesendet\u00a0\u2026\" data-submit-text=\"Absenden\" aria-live=\"assertive\" value=\"wpforms-submit\">Envoyer<\/button><img decoding=\"async\" src=\"https:\/\/hub.akkusys.de\/wp-content\/plugins\/wpforms\/assets\/images\/submit-spin.svg\" class=\"wpforms-submit-spinner\" style=\"display: none;\" width=\"26\" height=\"26\" alt=\"Chargement en cours\"><\/div><input type=\"hidden\" name=\"trp-form-language\" value=\"fr\"\/><\/form><\/div>  <!-- .wpforms-container -->\t\t\t\t<\/div>\n\t\t\t\t<\/div>\n\t\t\t\t\t<\/div>\n\t\t\t\t<\/div>\n\t\t<div data-particle_enable=\"false\" data-particle-mobile-disabled=\"false\" class=\"elementor-element elementor-element-3834dad e-flex e-con-boxed e-con e-parent\" data-id=\"3834dad\" data-element_type=\"container\">\n\t\t\t\t\t<div class=\"e-con-inner\">\n\t\t<div data-particle_enable=\"false\" data-particle-mobile-disabled=\"false\" class=\"elementor-element elementor-element-f5577f7 e-con-full e-flex e-con e-child\" data-id=\"f5577f7\" data-element_type=\"container\">\n\t\t<div data-particle_enable=\"false\" data-particle-mobile-disabled=\"false\" class=\"elementor-element elementor-element-f42fd2f e-con-full e-flex e-con e-child\" data-id=\"f42fd2f\" data-element_type=\"container\">\n\t\t\t\t<div class=\"elementor-element elementor-element-a736aba elementor-position-left elementor-vertical-align-top elementor-widget elementor-widget-image-box\" data-id=\"a736aba\" data-element_type=\"widget\" data-widget_type=\"image-box.default\">\n\t\t\t\t<div class=\"elementor-widget-container\">\n\t\t\t\t\t<div class=\"elementor-image-box-wrapper\"><figure class=\"elementor-image-box-img\"><img decoding=\"async\" src=\"https:\/\/hub.akkusys.de\/wp-content\/uploads\/elementor\/thumbs\/cropped-favicon-akkusys-de-neu-1-r5son4kv8izm8w70o9etr2z1c79vjsqs00vuods5bk.png\" title=\"cropped-favicon-akkusys-fr-neu-1\" alt=\"cropped-favicon-akkusys-fr-neu-1\" loading=\"lazy\" \/><\/figure><div class=\"elementor-image-box-content\"><span class=\"elementor-image-box-title\">AKKU SYS Akkumulator- und Batterietechnik Nord GmbH (technique d'accumulateurs et de batteries)<\/span><\/div><\/div>\t\t\t\t<\/div>\n\t\t\t\t<\/div>\n\t\t\t\t<div class=\"elementor-element elementor-element-4b72385 elementor-widget elementor-widget-text-editor\" data-id=\"4b72385\" data-element_type=\"widget\" id=\"kwk-link\" data-widget_type=\"text-editor.default\">\n\t\t\t\t<div class=\"elementor-widget-container\">\n\t\t\t\t\t\t\t\t\t<p>Verbindungsweg 23 - 25469 Halstenbek \/ Hamburg - GERMANY<br \/>T\u00e9l\u00e9phone +49 4101 3 76 76-0 \/ Fax +49 4101 3 76 76-66 \/ info@akkusys.de \/ www.akkusys.de\u00a0<\/p><p><a href=\"https:\/\/www.akkusys.de\/impressum\/\" target=\"_blank\" rel=\"noopener\">Mentions l\u00e9gales<\/a> | <a href=\"https:\/\/www.akkusys.de\/datenschutz\/\" target=\"_blank\" rel=\"noopener\">Protection des donn\u00e9es<\/a> | <a href=\"https:\/\/www.akkusys.de\/agb\/\" target=\"_blank\" rel=\"noopener\">CONDITIONS G\u00c9N\u00c9RALES DE VENTE<\/a><\/p>\t\t\t\t\t\t\t\t<\/div>\n\t\t\t\t<\/div>\n\t\t\t\t<\/div>\n\t\t\t\t<\/div>\n\t\t\t\t\t<\/div>\n\t\t\t\t<\/div>\n\t\t\t\t<\/div>","protected":false},"excerpt":{"rendered":"<p>Limit\u00e9e &amp; l\u00e9gendaire : La AKKU SYS Aftershow Party @ EES \/ Intersolar Le 08 mai 2025, nous vous invitons \u00e0 une Aftershow Party exclusive sur le stand de Midea au salon EES \/ Intersolar \u00e0 Munich!Profitez de discussions passionnantes, de boissons fra\u00eeches et de d\u00e9licieux snacks ainsi que de la fin parfaite d'une journ\u00e9e de salon r\u00e9ussie - ensemble avec l'\u00e9quipe [...].<\/p>","protected":false},"author":1,"featured_media":1036,"parent":0,"menu_order":0,"comment_status":"closed","ping_status":"closed","template":"elementor_canvas","meta":{"inline_featured_image":false,"footnotes":""},"class_list":["post-1022","page","type-page","status-publish","has-post-thumbnail","hentry"],"_links":{"self":[{"href":"https:\/\/hub.akkusys.de\/fr\/wp-json\/wp\/v2\/pages\/1022","targetHints":{"allow":["GET"]}}],"collection":[{"href":"https:\/\/hub.akkusys.de\/fr\/wp-json\/wp\/v2\/pages"}],"about":[{"href":"https:\/\/hub.akkusys.de\/fr\/wp-json\/wp\/v2\/types\/page"}],"author":[{"embeddable":true,"href":"https:\/\/hub.akkusys.de\/fr\/wp-json\/wp\/v2\/users\/1"}],"replies":[{"embeddable":true,"href":"https:\/\/hub.akkusys.de\/fr\/wp-json\/wp\/v2\/comments?post=1022"}],"version-history":[{"count":34,"href":"https:\/\/hub.akkusys.de\/fr\/wp-json\/wp\/v2\/pages\/1022\/revisions"}],"predecessor-version":[{"id":1074,"href":"https:\/\/hub.akkusys.de\/fr\/wp-json\/wp\/v2\/pages\/1022\/revisions\/1074"}],"wp:featuredmedia":[{"embeddable":true,"href":"https:\/\/hub.akkusys.de\/fr\/wp-json\/wp\/v2\/media\/1036"}],"wp:attachment":[{"href":"https:\/\/hub.akkusys.de\/fr\/wp-json\/wp\/v2\/media?parent=1022"}],"curies":[{"name":"wp","href":"https:\/\/api.w.org\/{rel}","templated":true}]}}